{"id":834,"date":"2025-05-19T20:13:11","date_gmt":"2025-05-19T18:13:11","guid":{"rendered":"http:\/\/espacedeseaux.com\/?post_type=product&#038;p=834"},"modified":"2025-05-19T20:17:30","modified_gmt":"2025-05-19T18:17:30","slug":"projecteur-profiring-led-rgb-rgbw","status":"publish","type":"product","link":"https:\/\/www.espacedeseaux.com\/?product=projecteur-profiring-led-rgb-rgbw","title":{"rendered":"PROJECTEUR PROFIRING LED RGB &#8211; RGBW"},"content":{"rendered":"<ul>\n<li>Effet stroboscopique<\/li>\n<li>Compatible DMX\/RDM en combinaison avec le pilote LED sous-marin Compact (70468)<\/li>\n<li>Surface plane gr\u00e2ce au verre \u00e9tag\u00e9<\/li>\n<li>Installation humide et s\u00e8che &#8211; \u00e9tanche IP68 \/ 4 m<\/li>\n<li>LED de marque haut de gamme \u00e0 temp\u00e9rature contr\u00f4l\u00e9e<\/li>\n<li>C\u00e2ble de 1 m de longueur avec connecteurs \u00e9tanches brevet\u00e9s<\/li>\n<li>Pour eau douce, eau de piscine et eau de mer<\/li>\n<li>Electronique externe dans un bo\u00eetier de commande \/ boite de jonction s\u00e9par\u00e9 &#8211; connecteur \u00e9tanche, facile \u00e0 connecter.<\/li>\n<li>La mesure individuelle des couleurs de base des lumi\u00e8res LED-RGBW et l&rsquo;utilisation du pilote LED sous-marin \/DMX\/02 garantissent une luminosit\u00e9 \u00e9gale de toutes les lumi\u00e8res du syst\u00e8me et une combinaison de couleurs homog\u00e8ne<\/li>\n<li>Isolation galvanique entre le DMX et l&rsquo;alimentation 24 V CC<\/li>\n<li>Dur\u00e9e de vie : 100 000 h*<\/li>\n<\/ul>\n","protected":false},"excerpt":{"rendered":"<p>Ce projecteur LED color\u00e9 est dot\u00e9 d&rsquo;un bo\u00eetier robuste en acier inoxydable de haute qualit\u00e9, adapt\u00e9 \u00e0 l&rsquo;eau douce, \u00e0 l&rsquo;eau de piscine et \u00e0 l&rsquo;eau de mer. Sa surface plane emp\u00eache l&rsquo;encrassement. Ces projecteurs LED sont dot\u00e9s d&rsquo;un syst\u00e8me de r\u00e9gulation de temp\u00e9rature permettant une installation \u00e0 sec ou humide. La LED haut de gamme \u00e0 temp\u00e9rature contr\u00f4l\u00e9e a une dur\u00e9e de vie allant iusqu&rsquo;\u00e0 100 000 heures*. La luminosit\u00e9 des couleurs de base des proiecteurs LED RGB est mesur\u00e9e individuellement. Le driver LED souS-marin Compact \/DMX\/02 assure une luminosit\u00e9 uniforme pour tous les projecteurs du syst\u00e8me, cr\u00e9ant ainsi une combinaison de couleurs homog\u00e8ne.<\/p>\n","protected":false},"featured_media":832,"template":"","meta":[],"product_brand":[],"product_cat":[92,90,89,99],"product_tag":[],"class_list":{"0":"post-834","1":"product","2":"type-product","3":"status-publish","4":"has-post-thumbnail","6":"product_cat-eclairage","7":"product_cat-fontaine-musicale","8":"product_cat-fontaines","9":"product_cat-led-rgb","11":"first","12":"instock","13":"shipping-taxable","14":"product-type-simple"},"_links":{"self":[{"href":"https:\/\/www.espacedeseaux.com\/index.php?rest_route=\/wp\/v2\/product\/834","targetHints":{"allow":["GET"]}}],"collection":[{"href":"https:\/\/www.espacedeseaux.com\/index.php?rest_route=\/wp\/v2\/product"}],"about":[{"href":"https:\/\/www.espacedeseaux.com\/index.php?rest_route=\/wp\/v2\/types\/product"}],"wp:featuredmedia":[{"embeddable":true,"href":"https:\/\/www.espacedeseaux.com\/index.php?rest_route=\/wp\/v2\/media\/832"}],"wp:attachment":[{"href":"https:\/\/www.espacedeseaux.com\/index.php?rest_route=%2Fwp%2Fv2%2Fmedia&parent=834"}],"wp:term":[{"taxonomy":"product_brand","embeddable":true,"href":"https:\/\/www.espacedeseaux.com\/index.php?rest_route=%2Fwp%2Fv2%2Fproduct_brand&post=834"},{"taxonomy":"product_cat","embeddable":true,"href":"https:\/\/www.espacedeseaux.com\/index.php?rest_route=%2Fwp%2Fv2%2Fproduct_cat&post=834"},{"taxonomy":"product_tag","embeddable":true,"href":"https:\/\/www.espacedeseaux.com\/index.php?rest_route=%2Fwp%2Fv2%2Fproduct_tag&post=834"}],"curies":[{"name":"wp","href":"https:\/\/api.w.org\/{rel}","templated":true}]}}