{"id":835,"date":"2025-05-19T21:59:19","date_gmt":"2025-05-19T19:59:19","guid":{"rendered":"http:\/\/espacedeseaux.com\/?post_type=product&#038;p=835"},"modified":"2025-05-19T23:17:12","modified_gmt":"2025-05-19T21:17:12","slug":"pompe-varionaut","status":"publish","type":"product","link":"https:\/\/www.espacedeseaux.com\/?product=pompe-varionaut","title":{"rendered":"POMPE VARIONAUT"},"content":{"rendered":"<ul>\n<li>Pompe de fontaine int\u00e9rieure ou ext\u00e9rieure, pour courant alternatif, 230 V<\/li>\n<li>Utilisable dans l&rsquo;eau ou \u00e0 sec<\/li>\n<li>Puissance absorb\u00e9e maxi 253 W<\/li>\n<li>10 m de c\u00e2ble \u00e9lectrique avec fiche et 1 m de c\u00e2ble DMX avec bo\u00eete de jonction DMX (50343)<\/li>\n<li>Protection IP68<\/li>\n<li>Compatible DMX \/ RDM<\/li>\n<\/ul>\n","protected":false},"excerpt":{"rendered":"<p>La Varionaut jeux d&rsquo;eau tr\u00e8s dynamiques avec des hauteurs de fontaine pr\u00e9cises et reproductibles<\/p>\n<p>R\u00e9glable individuellement, elle produit des La pompe est \u00e9quip\u00e9e d&rsquo;un c\u00e2ble d&rsquo;alimentation de 10 m et d&rsquo;un c\u00e2ble BUS de 1 m avec bo\u00eetier de connexion DMX avec verrouillage capillaire.<\/p>\n<p>Le second connecteur DMX\/RDM permet de connecter d&rsquo;autres appareils (pompes ou projecteurs LED, par exemple).<\/p>\n<p>Le connecteur \u00e9tanche IP68 brevet\u00e9 rend l&rsquo;installation plus s\u00fbre, plus simple et plus rapide.<\/p>\n","protected":false},"featured_media":836,"template":"","meta":[],"product_brand":[],"product_cat":[90,89,100,93],"product_tag":[],"class_list":{"0":"post-835","1":"product","2":"type-product","3":"status-publish","4":"has-post-thumbnail","6":"product_cat-fontaine-musicale","7":"product_cat-fontaines","8":"product_cat-pompe-controlable","9":"product_cat-pompes","11":"first","12":"instock","13":"shipping-taxable","14":"product-type-simple"},"_links":{"self":[{"href":"https:\/\/www.espacedeseaux.com\/index.php?rest_route=\/wp\/v2\/product\/835","targetHints":{"allow":["GET"]}}],"collection":[{"href":"https:\/\/www.espacedeseaux.com\/index.php?rest_route=\/wp\/v2\/product"}],"about":[{"href":"https:\/\/www.espacedeseaux.com\/index.php?rest_route=\/wp\/v2\/types\/product"}],"wp:featuredmedia":[{"embeddable":true,"href":"https:\/\/www.espacedeseaux.com\/index.php?rest_route=\/wp\/v2\/media\/836"}],"wp:attachment":[{"href":"https:\/\/www.espacedeseaux.com\/index.php?rest_route=%2Fwp%2Fv2%2Fmedia&parent=835"}],"wp:term":[{"taxonomy":"product_brand","embeddable":true,"href":"https:\/\/www.espacedeseaux.com\/index.php?rest_route=%2Fwp%2Fv2%2Fproduct_brand&post=835"},{"taxonomy":"product_cat","embeddable":true,"href":"https:\/\/www.espacedeseaux.com\/index.php?rest_route=%2Fwp%2Fv2%2Fproduct_cat&post=835"},{"taxonomy":"product_tag","embeddable":true,"href":"https:\/\/www.espacedeseaux.com\/index.php?rest_route=%2Fwp%2Fv2%2Fproduct_tag&post=835"}],"curies":[{"name":"wp","href":"https:\/\/api.w.org\/{rel}","templated":true}]}}