{"id":837,"date":"2025-05-19T23:17:33","date_gmt":"2025-05-19T21:17:33","guid":{"rendered":"http:\/\/espacedeseaux.com\/?post_type=product&#038;p=837"},"modified":"2025-05-19T23:19:54","modified_gmt":"2025-05-19T21:19:54","slug":"pompe-aquamax-eco-expert","status":"publish","type":"product","link":"https:\/\/www.espacedeseaux.com\/?product=pompe-aquamax-eco-expert","title":{"rendered":"POMPE AQUAMAX ECO EXPERT"},"content":{"rendered":"","protected":false},"excerpt":{"rendered":"<p style=\"text-align: left;\">La pompe de filtration et de cours d&rsquo;eau tr\u00e8s puissante avec une hauteur de refoulement de 10,00 m maximum, un<br \/>\nd\u00e9bit de 44.000 l\/h maximum transporte des particules de salet\u00e9 jusqu&rsquo;\u00e0 11mm de taille.<\/p>\n<p style=\"text-align: left;\">Elle dispose d&rsquo;une grande stabilit\u00e9, peut \u00eatre install\u00e9e \u00e0 sec et se compose d&rsquo;un bo\u00eetier compact en plastique de haute qualit\u00e9 avec des \u00e9l\u00e9ments en acier inoxydable. La pompe est enti\u00e8rement adapt\u00e9e \u00e0 l&rsquo;hivernage, r\u00e9glable \u00e9lectroniquement, a une puissance absorb\u00e9e de 730 watts et un filetage de raccordement de 2&prime; avec un embout de tuyau universel gradu\u00e9 de 1&prime; \u00e0 2&prime;.<\/p>\n","protected":false},"featured_media":838,"template":"","meta":[],"product_brand":[],"product_cat":[90,89,101,93],"product_tag":[],"class_list":{"0":"post-837","1":"product","2":"type-product","3":"status-publish","4":"has-post-thumbnail","6":"product_cat-fontaine-musicale","7":"product_cat-fontaines","8":"product_cat-pompe-standard","9":"product_cat-pompes","11":"first","12":"instock","13":"shipping-taxable","14":"product-type-simple"},"_links":{"self":[{"href":"https:\/\/www.espacedeseaux.com\/index.php?rest_route=\/wp\/v2\/product\/837","targetHints":{"allow":["GET"]}}],"collection":[{"href":"https:\/\/www.espacedeseaux.com\/index.php?rest_route=\/wp\/v2\/product"}],"about":[{"href":"https:\/\/www.espacedeseaux.com\/index.php?rest_route=\/wp\/v2\/types\/product"}],"wp:featuredmedia":[{"embeddable":true,"href":"https:\/\/www.espacedeseaux.com\/index.php?rest_route=\/wp\/v2\/media\/838"}],"wp:attachment":[{"href":"https:\/\/www.espacedeseaux.com\/index.php?rest_route=%2Fwp%2Fv2%2Fmedia&parent=837"}],"wp:term":[{"taxonomy":"product_brand","embeddable":true,"href":"https:\/\/www.espacedeseaux.com\/index.php?rest_route=%2Fwp%2Fv2%2Fproduct_brand&post=837"},{"taxonomy":"product_cat","embeddable":true,"href":"https:\/\/www.espacedeseaux.com\/index.php?rest_route=%2Fwp%2Fv2%2Fproduct_cat&post=837"},{"taxonomy":"product_tag","embeddable":true,"href":"https:\/\/www.espacedeseaux.com\/index.php?rest_route=%2Fwp%2Fv2%2Fproduct_tag&post=837"}],"curies":[{"name":"wp","href":"https:\/\/api.w.org\/{rel}","templated":true}]}}