{"id":839,"date":"2025-05-19T23:20:33","date_gmt":"2025-05-19T21:20:33","guid":{"rendered":"http:\/\/espacedeseaux.com\/?post_type=product&#038;p=839"},"modified":"2025-05-19T23:23:10","modified_gmt":"2025-05-19T21:23:10","slug":"pompe-aquarius-premium","status":"publish","type":"product","link":"https:\/\/www.espacedeseaux.com\/?product=pompe-aquarius-premium","title":{"rendered":"POMPE AQUARIUS PREMIUM"},"content":{"rendered":"","protected":false},"excerpt":{"rendered":"<ul>\n<li>Fonctionnement extr\u00eamement silencieux<\/li>\n<li>R\u00e9glage facile du d\u00e9bit<\/li>\n<li>Protection thermique int\u00e9gr\u00e9e &#8211; \u00e0 partir de 600<\/li>\n<li>Efficacit\u00e9 \u00e9nerg\u00e9tique gr\u00e2ce \u00e0 une faible consommation d&rsquo;\u00e9nergie<\/li>\n<li>Prot\u00e9g\u00e9 contre le gel jusqu&rsquo;\u00e0 -20\u00b0C<\/li>\n<li>Fabrication de haute qualit\u00e9 en acier inoxydable<\/li>\n<li>Amor\u00e7age m\u00eame \u00e0 bas niveau d&rsquo;eau<\/li>\n<li>Socle amovible pour une installation dans les endroits o\u00f9 l&rsquo;espace est limit\u00e9<\/li>\n<\/ul>\n","protected":false},"featured_media":840,"template":"","meta":[],"product_brand":[],"product_cat":[90,89,101,93],"product_tag":[],"class_list":{"0":"post-839","1":"product","2":"type-product","3":"status-publish","4":"has-post-thumbnail","6":"product_cat-fontaine-musicale","7":"product_cat-fontaines","8":"product_cat-pompe-standard","9":"product_cat-pompes","11":"first","12":"instock","13":"shipping-taxable","14":"product-type-simple"},"_links":{"self":[{"href":"https:\/\/www.espacedeseaux.com\/index.php?rest_route=\/wp\/v2\/product\/839","targetHints":{"allow":["GET"]}}],"collection":[{"href":"https:\/\/www.espacedeseaux.com\/index.php?rest_route=\/wp\/v2\/product"}],"about":[{"href":"https:\/\/www.espacedeseaux.com\/index.php?rest_route=\/wp\/v2\/types\/product"}],"wp:featuredmedia":[{"embeddable":true,"href":"https:\/\/www.espacedeseaux.com\/index.php?rest_route=\/wp\/v2\/media\/840"}],"wp:attachment":[{"href":"https:\/\/www.espacedeseaux.com\/index.php?rest_route=%2Fwp%2Fv2%2Fmedia&parent=839"}],"wp:term":[{"taxonomy":"product_brand","embeddable":true,"href":"https:\/\/www.espacedeseaux.com\/index.php?rest_route=%2Fwp%2Fv2%2Fproduct_brand&post=839"},{"taxonomy":"product_cat","embeddable":true,"href":"https:\/\/www.espacedeseaux.com\/index.php?rest_route=%2Fwp%2Fv2%2Fproduct_cat&post=839"},{"taxonomy":"product_tag","embeddable":true,"href":"https:\/\/www.espacedeseaux.com\/index.php?rest_route=%2Fwp%2Fv2%2Fproduct_tag&post=839"}],"curies":[{"name":"wp","href":"https:\/\/api.w.org\/{rel}","templated":true}]}}