{"id":843,"date":"2025-05-19T23:27:33","date_gmt":"2025-05-19T21:27:33","guid":{"rendered":"http:\/\/espacedeseaux.com\/?post_type=product&#038;p=843"},"modified":"2025-05-19T23:49:50","modified_gmt":"2025-05-19T21:49:50","slug":"alimentation-sous-marine","status":"publish","type":"product","link":"https:\/\/www.espacedeseaux.com\/?product=alimentation-sous-marine","title":{"rendered":"ALIMENTATION SOUS MARINE"},"content":{"rendered":"","protected":false},"excerpt":{"rendered":"<p>L&rsquo;alimentation sous-marine 250 24 V\/01 est une alimentation enti\u00e8rement encapsul\u00e9e. Les appareils connect\u00e9s aux quatre emplacements ne n\u00e9cessitent aucun c\u00e2blage et garantissent un fonctionnement s\u00fbr et durable sous l&rsquo;eau. M\u00eame les appareils basse tension peuvent d\u00e9sormais \u00eatre aliment\u00e9s par cette alimentation sous-marine, ce qui permet de r\u00e9duire consid\u00e9rablement les d\u00e9lais et les co\u00fbts de mat\u00e9riel sur les sites d&rsquo;installation.<\/p>\n<p>L&rsquo;alimentation sous-marine, \u00e9quip\u00e9e de connecteurs \u00e9tanches brevet\u00e9s, r\u00e9duit les co\u00fbts d&rsquo;installation. De plus, elle r\u00e9duit l&rsquo;encombrement du panneau de commande, la consommation de c\u00e2bles et les co\u00fbts de maintenance. Le branchement enfichable facilite le d\u00e9montage, la r\u00e9paration ou le remplacement des appareils connect\u00e9s. La r\u00e9duction du nombre de c\u00e2bles entre le panneau de commande et le bassin permet de gagner du temps et de r\u00e9duire les co\u00fbts.<\/p>\n","protected":false},"featured_media":844,"template":"","meta":[],"product_brand":[],"product_cat":[102,90,89,94],"product_tag":[],"class_list":{"0":"post-843","1":"product","2":"type-product","3":"status-publish","4":"has-post-thumbnail","6":"product_cat-composants-dalimentation-et-connexion-dmx","7":"product_cat-fontaine-musicale","8":"product_cat-fontaines","9":"product_cat-systeme-de-programmation-controle-dmxrdm","11":"first","12":"instock","13":"shipping-taxable","14":"product-type-simple"},"_links":{"self":[{"href":"https:\/\/www.espacedeseaux.com\/index.php?rest_route=\/wp\/v2\/product\/843","targetHints":{"allow":["GET"]}}],"collection":[{"href":"https:\/\/www.espacedeseaux.com\/index.php?rest_route=\/wp\/v2\/product"}],"about":[{"href":"https:\/\/www.espacedeseaux.com\/index.php?rest_route=\/wp\/v2\/types\/product"}],"wp:featuredmedia":[{"embeddable":true,"href":"https:\/\/www.espacedeseaux.com\/index.php?rest_route=\/wp\/v2\/media\/844"}],"wp:attachment":[{"href":"https:\/\/www.espacedeseaux.com\/index.php?rest_route=%2Fwp%2Fv2%2Fmedia&parent=843"}],"wp:term":[{"taxonomy":"product_brand","embeddable":true,"href":"https:\/\/www.espacedeseaux.com\/index.php?rest_route=%2Fwp%2Fv2%2Fproduct_brand&post=843"},{"taxonomy":"product_cat","embeddable":true,"href":"https:\/\/www.espacedeseaux.com\/index.php?rest_route=%2Fwp%2Fv2%2Fproduct_cat&post=843"},{"taxonomy":"product_tag","embeddable":true,"href":"https:\/\/www.espacedeseaux.com\/index.php?rest_route=%2Fwp%2Fv2%2Fproduct_tag&post=843"}],"curies":[{"name":"wp","href":"https:\/\/api.w.org\/{rel}","templated":true}]}}