{"id":846,"date":"2025-05-19T23:50:10","date_gmt":"2025-05-19T21:50:10","guid":{"rendered":"http:\/\/espacedeseaux.com\/?post_type=product&#038;p=846"},"modified":"2025-05-19T23:51:07","modified_gmt":"2025-05-19T21:51:07","slug":"cables-alimentation-24vdc","status":"publish","type":"product","link":"https:\/\/www.espacedeseaux.com\/?product=cables-alimentation-24vdc","title":{"rendered":"CABLES ALIMENTATION 24VDC"},"content":{"rendered":"","protected":false},"excerpt":{"rendered":"<ul>\n<li>Connecteur sous-marin brevet\u00e9 24 V DC<\/li>\n<li>Protection contre les inversions de tension 24 V\/CC Connexion travers\u00e9e\/travers\u00e9e<\/li>\n<li>\u00c9tanche, conform\u00e9ment \u00e0 l&rsquo;indice de protection IP68<\/li>\n<\/ul>\n","protected":false},"featured_media":847,"template":"","meta":[],"product_brand":[],"product_cat":[102,90,89,94],"product_tag":[],"class_list":{"0":"post-846","1":"product","2":"type-product","3":"status-publish","4":"has-post-thumbnail","6":"product_cat-composants-dalimentation-et-connexion-dmx","7":"product_cat-fontaine-musicale","8":"product_cat-fontaines","9":"product_cat-systeme-de-programmation-controle-dmxrdm","11":"first","12":"instock","13":"shipping-taxable","14":"product-type-simple"},"_links":{"self":[{"href":"https:\/\/www.espacedeseaux.com\/index.php?rest_route=\/wp\/v2\/product\/846","targetHints":{"allow":["GET"]}}],"collection":[{"href":"https:\/\/www.espacedeseaux.com\/index.php?rest_route=\/wp\/v2\/product"}],"about":[{"href":"https:\/\/www.espacedeseaux.com\/index.php?rest_route=\/wp\/v2\/types\/product"}],"wp:featuredmedia":[{"embeddable":true,"href":"https:\/\/www.espacedeseaux.com\/index.php?rest_route=\/wp\/v2\/media\/847"}],"wp:attachment":[{"href":"https:\/\/www.espacedeseaux.com\/index.php?rest_route=%2Fwp%2Fv2%2Fmedia&parent=846"}],"wp:term":[{"taxonomy":"product_brand","embeddable":true,"href":"https:\/\/www.espacedeseaux.com\/index.php?rest_route=%2Fwp%2Fv2%2Fproduct_brand&post=846"},{"taxonomy":"product_cat","embeddable":true,"href":"https:\/\/www.espacedeseaux.com\/index.php?rest_route=%2Fwp%2Fv2%2Fproduct_cat&post=846"},{"taxonomy":"product_tag","embeddable":true,"href":"https:\/\/www.espacedeseaux.com\/index.php?rest_route=%2Fwp%2Fv2%2Fproduct_tag&post=846"}],"curies":[{"name":"wp","href":"https:\/\/api.w.org\/{rel}","templated":true}]}}