{"id":850,"date":"2025-05-19T23:53:18","date_gmt":"2025-05-19T21:53:18","guid":{"rendered":"http:\/\/espacedeseaux.com\/?post_type=product&#038;p=850"},"modified":"2025-05-19T23:55:25","modified_gmt":"2025-05-19T21:55:25","slug":"led-driver","status":"publish","type":"product","link":"https:\/\/www.espacedeseaux.com\/?product=led-driver","title":{"rendered":"LED DRIVER"},"content":{"rendered":"<ul>\n<li>Driver LED sous-marin &#8211; \u00e9tanche, conforme \u00e0 la norme IP68<\/li>\n<li>Compatible DMX-RDM<\/li>\n<li>Convient \u00e0 l&rsquo;eau de mer<\/li>\n<li>Tension optimis\u00e9e de 7,5A pour la prise de 4 lampes \u00e0 LED OASE<\/li>\n<\/ul>\n","protected":false},"excerpt":{"rendered":"<p>Les lumi\u00e8res LED-RGB(W) en combinaison avec le Underwater LED Driver Compact peuvent \u00eatre contr\u00f4l\u00e9es via DMX\/RDM.<\/p>\n<p>Le syst\u00e8me de connexion enfichable \u00e9tanche et brevet\u00e9 \u00e9limine le besoin de c\u00e2blage manuel des brins individuels.<\/p>\n","protected":false},"featured_media":851,"template":"","meta":[],"product_brand":[],"product_cat":[102,90,89,94],"product_tag":[],"class_list":{"0":"post-850","1":"product","2":"type-product","3":"status-publish","4":"has-post-thumbnail","6":"product_cat-composants-dalimentation-et-connexion-dmx","7":"product_cat-fontaine-musicale","8":"product_cat-fontaines","9":"product_cat-systeme-de-programmation-controle-dmxrdm","11":"first","12":"instock","13":"shipping-taxable","14":"product-type-simple"},"_links":{"self":[{"href":"https:\/\/www.espacedeseaux.com\/index.php?rest_route=\/wp\/v2\/product\/850","targetHints":{"allow":["GET"]}}],"collection":[{"href":"https:\/\/www.espacedeseaux.com\/index.php?rest_route=\/wp\/v2\/product"}],"about":[{"href":"https:\/\/www.espacedeseaux.com\/index.php?rest_route=\/wp\/v2\/types\/product"}],"wp:featuredmedia":[{"embeddable":true,"href":"https:\/\/www.espacedeseaux.com\/index.php?rest_route=\/wp\/v2\/media\/851"}],"wp:attachment":[{"href":"https:\/\/www.espacedeseaux.com\/index.php?rest_route=%2Fwp%2Fv2%2Fmedia&parent=850"}],"wp:term":[{"taxonomy":"product_brand","embeddable":true,"href":"https:\/\/www.espacedeseaux.com\/index.php?rest_route=%2Fwp%2Fv2%2Fproduct_brand&post=850"},{"taxonomy":"product_cat","embeddable":true,"href":"https:\/\/www.espacedeseaux.com\/index.php?rest_route=%2Fwp%2Fv2%2Fproduct_cat&post=850"},{"taxonomy":"product_tag","embeddable":true,"href":"https:\/\/www.espacedeseaux.com\/index.php?rest_route=%2Fwp%2Fv2%2Fproduct_tag&post=850"}],"curies":[{"name":"wp","href":"https:\/\/api.w.org\/{rel}","templated":true}]}}