{"id":852,"date":"2025-05-19T23:59:57","date_gmt":"2025-05-19T21:59:57","guid":{"rendered":"http:\/\/espacedeseaux.com\/?post_type=product&#038;p=852"},"modified":"2025-05-20T00:02:52","modified_gmt":"2025-05-19T22:02:52","slug":"wecs-iii","status":"publish","type":"product","link":"https:\/\/www.espacedeseaux.com\/?product=wecs-iii","title":{"rendered":"WECS III"},"content":{"rendered":"<p><img loading=\"lazy\" decoding=\"async\" class=\"alignnone size-medium wp-image-854\" src=\"http:\/\/espacedeseaux.com\/wp-content\/uploads\/2025\/05\/SPEC-800x316.jpg\" alt=\"\" width=\"800\" height=\"316\" srcset=\"https:\/\/espacedeseaux.com\/wp-content\/uploads\/2025\/05\/SPEC-800x316.jpg 800w, https:\/\/espacedeseaux.com\/wp-content\/uploads\/2025\/05\/SPEC-510x202.jpg 510w, https:\/\/espacedeseaux.com\/wp-content\/uploads\/2025\/05\/SPEC-768x304.jpg 768w, https:\/\/espacedeseaux.com\/wp-content\/uploads\/2025\/05\/SPEC.jpg 1174w\" sizes=\"auto, (max-width: 800px) 100vw, 800px\" \/><\/p>\n","protected":false},"excerpt":{"rendered":"<p>Les quatre versions du contr\u00f4leur autonome WECS III offrent 64, 512, 1024 ou 4096 canaux DMX\/RDM. Du simple syst\u00e8me de fontaines au spectacle grandiose avec musique, projections 3D et effets sp\u00e9ciaux, les syst\u00e8mes de toutes tailles et de toutes dimensions peuvent \u00eatre pilot\u00e9s avec pr\u00e9cision gr\u00e2ce \u00e0 la solution logicielle correspondante.<\/p>\n<p>Les contr\u00f4leurs WECS III permettent de contr\u00f4ler parfaitement les fontaines de presque toutes tailles. Le WECS III 64 est la solution id\u00e9ale pour les d\u00e9butants avec des syst\u00e8mes plus petits, tandis que le contr\u00f4leur multim\u00e9dia WECS III D2 offre une solution compl\u00e8te pour des spectacles de fontaines exceptionnels avec un grand nombre de composants \u00e0 contr\u00f4ler.<\/p>\n<p>Et si ces tailles ne r\u00e9pondent toujours pas \u00e0 vos besoins, des canaux DMX\/RDM suppl\u00e9mentaires peuvent \u00eatre ajout\u00e9s pour r\u00e9pondre \u00e0 vos besoins sp\u00e9cifiques.<\/p>\n<p>Tous les contr\u00f4leurs WECS III sont \u00e9quip\u00e9s des derni\u00e8res technologies, fabriqu\u00e9es en Allemagne : quatre lignes DMX\/RDM pour une capacit\u00e9 de connexion accrue et une transmission RDM acc\u00e9l\u00e9r\u00e9e, un serveur web int\u00e9gr\u00e9, un port Ethernet suppl\u00e9mentaire pour les extensions futures (comme une connexion au cloud), un port USB int\u00e9gr\u00e9, une protection optimis\u00e9e contre les surtensions et un grand \u00e9cran clair pour une utilisation pratique.<\/p>\n<p>Le n\u0153ud WECS III permet de connecter des composants suppl\u00e9mentaires, par exemple pour \u00e9tendre le syst\u00e8me de fontaines \u00e0 un bassin secondaire. Les n\u0153uds sont contr\u00f4l\u00e9s via Ethernet par le contr\u00f4leur WECS Ill. Ils transmettent les signaux sans interruption du syst\u00e8me, ce qui rend la transmission plus rapide et plus pr\u00e9cise.<\/p>\n","protected":false},"featured_media":853,"template":"","meta":[],"product_brand":[],"product_cat":[103,90,89,94],"product_tag":[],"class_list":{"0":"post-852","1":"product","2":"type-product","3":"status-publish","4":"has-post-thumbnail","6":"product_cat-controle-de-fontaine","7":"product_cat-fontaine-musicale","8":"product_cat-fontaines","9":"product_cat-systeme-de-programmation-controle-dmxrdm","11":"first","12":"instock","13":"shipping-taxable","14":"product-type-simple"},"_links":{"self":[{"href":"https:\/\/www.espacedeseaux.com\/index.php?rest_route=\/wp\/v2\/product\/852","targetHints":{"allow":["GET"]}}],"collection":[{"href":"https:\/\/www.espacedeseaux.com\/index.php?rest_route=\/wp\/v2\/product"}],"about":[{"href":"https:\/\/www.espacedeseaux.com\/index.php?rest_route=\/wp\/v2\/types\/product"}],"wp:featuredmedia":[{"embeddable":true,"href":"https:\/\/www.espacedeseaux.com\/index.php?rest_route=\/wp\/v2\/media\/853"}],"wp:attachment":[{"href":"https:\/\/www.espacedeseaux.com\/index.php?rest_route=%2Fwp%2Fv2%2Fmedia&parent=852"}],"wp:term":[{"taxonomy":"product_brand","embeddable":true,"href":"https:\/\/www.espacedeseaux.com\/index.php?rest_route=%2Fwp%2Fv2%2Fproduct_brand&post=852"},{"taxonomy":"product_cat","embeddable":true,"href":"https:\/\/www.espacedeseaux.com\/index.php?rest_route=%2Fwp%2Fv2%2Fproduct_cat&post=852"},{"taxonomy":"product_tag","embeddable":true,"href":"https:\/\/www.espacedeseaux.com\/index.php?rest_route=%2Fwp%2Fv2%2Fproduct_tag&post=852"}],"curies":[{"name":"wp","href":"https:\/\/api.w.org\/{rel}","templated":true}]}}