{"id":860,"date":"2025-05-20T09:24:07","date_gmt":"2025-05-20T07:24:07","guid":{"rendered":"http:\/\/espacedeseaux.com\/?post_type=product&#038;p=860"},"modified":"2025-05-20T10:11:48","modified_gmt":"2025-05-20T08:11:48","slug":"ajutage-moussant-2","status":"publish","type":"product","link":"https:\/\/www.espacedeseaux.com\/?product=ajutage-moussant-2","title":{"rendered":"AJUTAGE MOUSSANT"},"content":{"rendered":"","protected":false},"excerpt":{"rendered":"<p>La buse \u00e0 mousse air-eau de \u00bd\u00a0\u00bb en plastique de haute qualit\u00e9 peut \u00eatre utilis\u00e9e ind\u00e9pendamment du niveau d&rsquo;eau et convient pour OASE Aquarius Fountain Set 1500-3500. La hauteur du jeu d&rsquo;eau varie en fonction de la puissance de la pompe.<\/p>\n<ul>\n<li>Ajutage \u00e0 effet de mousse ind\u00e9pendant du niveau d&rsquo;eau<\/li>\n<li>Montage au dessus de la surface de l&rsquo;eau<\/li>\n<\/ul>\n","protected":false},"featured_media":863,"template":"","meta":[],"product_brand":[],"product_cat":[106,89,105],"product_tag":[],"class_list":{"0":"post-860","1":"product","2":"type-product","3":"status-publish","4":"has-post-thumbnail","6":"product_cat-ajutages-_-jardin-aquatique","7":"product_cat-fontaines","8":"product_cat-jardin-aquatique","10":"first","11":"instock","12":"shipping-taxable","13":"product-type-simple"},"_links":{"self":[{"href":"https:\/\/www.espacedeseaux.com\/index.php?rest_route=\/wp\/v2\/product\/860","targetHints":{"allow":["GET"]}}],"collection":[{"href":"https:\/\/www.espacedeseaux.com\/index.php?rest_route=\/wp\/v2\/product"}],"about":[{"href":"https:\/\/www.espacedeseaux.com\/index.php?rest_route=\/wp\/v2\/types\/product"}],"wp:featuredmedia":[{"embeddable":true,"href":"https:\/\/www.espacedeseaux.com\/index.php?rest_route=\/wp\/v2\/media\/863"}],"wp:attachment":[{"href":"https:\/\/www.espacedeseaux.com\/index.php?rest_route=%2Fwp%2Fv2%2Fmedia&parent=860"}],"wp:term":[{"taxonomy":"product_brand","embeddable":true,"href":"https:\/\/www.espacedeseaux.com\/index.php?rest_route=%2Fwp%2Fv2%2Fproduct_brand&post=860"},{"taxonomy":"product_cat","embeddable":true,"href":"https:\/\/www.espacedeseaux.com\/index.php?rest_route=%2Fwp%2Fv2%2Fproduct_cat&post=860"},{"taxonomy":"product_tag","embeddable":true,"href":"https:\/\/www.espacedeseaux.com\/index.php?rest_route=%2Fwp%2Fv2%2Fproduct_tag&post=860"}],"curies":[{"name":"wp","href":"https:\/\/api.w.org\/{rel}","templated":true}]}}