{"id":870,"date":"2025-05-20T10:17:33","date_gmt":"2025-05-20T08:17:33","guid":{"rendered":"http:\/\/espacedeseaux.com\/?post_type=product&#038;p=870"},"modified":"2025-05-20T10:19:10","modified_gmt":"2025-05-20T08:19:10","slug":"aquarium-flow-avec-eclairage","status":"publish","type":"product","link":"https:\/\/www.espacedeseaux.com\/?product=aquarium-flow-avec-eclairage","title":{"rendered":"AQUARIUM FLOW AVEC ECLAIRAGE"},"content":{"rendered":"","protected":false},"excerpt":{"rendered":"<p>L&rsquo;AQUARIUM ID\u00c9AL POUR LES PETITS ESPACES &#8211; L&rsquo;aquarium FLOW poss\u00e8de trois c\u00f4t\u00e9s transparents, vous permettant de trouver facilement un espace pour placer et admirer votre biOrb. Son format compact de 16 litres est id\u00e9al pour une pr\u00e9sentation sur un bureau ou une table.<\/p>\n<p>Dimensions:<\/p>\n<ul>\n<li>Volume : 4 gallons (15 L)<\/li>\n<li>\u00c9clairage : LED blanche<\/li>\n<li>Tension : 12 V CA<\/li>\n<\/ul>\n","protected":false},"featured_media":871,"template":"","meta":[],"product_brand":[],"product_cat":[107,89,105],"product_tag":[],"class_list":{"0":"post-870","1":"product","2":"type-product","3":"status-publish","4":"has-post-thumbnail","6":"product_cat-aquariums-biorb_jardin-aquatique","7":"product_cat-fontaines","8":"product_cat-jardin-aquatique","10":"first","11":"instock","12":"shipping-taxable","13":"product-type-simple"},"_links":{"self":[{"href":"https:\/\/www.espacedeseaux.com\/index.php?rest_route=\/wp\/v2\/product\/870","targetHints":{"allow":["GET"]}}],"collection":[{"href":"https:\/\/www.espacedeseaux.com\/index.php?rest_route=\/wp\/v2\/product"}],"about":[{"href":"https:\/\/www.espacedeseaux.com\/index.php?rest_route=\/wp\/v2\/types\/product"}],"wp:featuredmedia":[{"embeddable":true,"href":"https:\/\/www.espacedeseaux.com\/index.php?rest_route=\/wp\/v2\/media\/871"}],"wp:attachment":[{"href":"https:\/\/www.espacedeseaux.com\/index.php?rest_route=%2Fwp%2Fv2%2Fmedia&parent=870"}],"wp:term":[{"taxonomy":"product_brand","embeddable":true,"href":"https:\/\/www.espacedeseaux.com\/index.php?rest_route=%2Fwp%2Fv2%2Fproduct_brand&post=870"},{"taxonomy":"product_cat","embeddable":true,"href":"https:\/\/www.espacedeseaux.com\/index.php?rest_route=%2Fwp%2Fv2%2Fproduct_cat&post=870"},{"taxonomy":"product_tag","embeddable":true,"href":"https:\/\/www.espacedeseaux.com\/index.php?rest_route=%2Fwp%2Fv2%2Fproduct_tag&post=870"}],"curies":[{"name":"wp","href":"https:\/\/api.w.org\/{rel}","templated":true}]}}