{"id":873,"date":"2025-05-20T10:19:36","date_gmt":"2025-05-20T08:19:36","guid":{"rendered":"http:\/\/espacedeseaux.com\/?post_type=product&#038;p=873"},"modified":"2025-05-20T10:21:48","modified_gmt":"2025-05-20T08:21:48","slug":"aquarium-halo-30-avec-eclairage","status":"publish","type":"product","link":"https:\/\/www.espacedeseaux.com\/?product=aquarium-halo-30-avec-eclairage","title":{"rendered":"AQUARIUM HALO 30 AVEC ECLAIRAGE"},"content":{"rendered":"<ul>\n<li>Dimensions : 15,75 x 18 pouces (40 x 46 cm)<\/li>\n<li>Volume : 8 gallons (30 L)<\/li>\n<li>\u00c9clairage : MCR LED<\/li>\n<li>Tension : 12 V CA<\/li>\n<\/ul>\n","protected":false},"excerpt":{"rendered":"<p>L&rsquo;AOUARIUM ID\u00c9AL POUR LES PETITS ESPACES &#8211; Le design de l&rsquo;aquarium HALO s&rsquo;inspire de la beaut\u00e9 simple d&rsquo;un bocal \u00e0 poissons classique, avec une touche d&rsquo;originalit\u00e9. La ligne de flottaison dissimul\u00e9e et la vue \u00e0 360 degr\u00e9s donnent l&rsquo;impression que votre monde sous-marin flotte dans votre pi\u00e8ce. Son r\u00e9servoir de 33 litres est id\u00e9al pour une pr\u00e9sentation sur table.<\/p>\n<p>TOUT CE DONT VOUS AVEZ BESOIN POUR COMMENCER, PLUS QU&rsquo;\u00c0 AJOUTER LA D\u00c9CORATION &#8211; Comprend un aquarium en acrylique de 30 litres, un \u00e9clairage LED multicolore avec t\u00e9l\u00e9commande, une nouvelle pompe \u00e0 air silencieuse, un transformateur basse tension 12 V. un filtre, une pierre \u00e0 air, des supports en c\u00e9ramique, des traitements d&rsquo;eau de d\u00e9marrage et un mode d&#8217;emploi.<\/p>\n","protected":false},"featured_media":874,"template":"","meta":[],"product_brand":[],"product_cat":[107,89,105],"product_tag":[],"class_list":{"0":"post-873","1":"product","2":"type-product","3":"status-publish","4":"has-post-thumbnail","6":"product_cat-aquariums-biorb_jardin-aquatique","7":"product_cat-fontaines","8":"product_cat-jardin-aquatique","10":"first","11":"instock","12":"shipping-taxable","13":"product-type-simple"},"_links":{"self":[{"href":"https:\/\/www.espacedeseaux.com\/index.php?rest_route=\/wp\/v2\/product\/873","targetHints":{"allow":["GET"]}}],"collection":[{"href":"https:\/\/www.espacedeseaux.com\/index.php?rest_route=\/wp\/v2\/product"}],"about":[{"href":"https:\/\/www.espacedeseaux.com\/index.php?rest_route=\/wp\/v2\/types\/product"}],"wp:featuredmedia":[{"embeddable":true,"href":"https:\/\/www.espacedeseaux.com\/index.php?rest_route=\/wp\/v2\/media\/874"}],"wp:attachment":[{"href":"https:\/\/www.espacedeseaux.com\/index.php?rest_route=%2Fwp%2Fv2%2Fmedia&parent=873"}],"wp:term":[{"taxonomy":"product_brand","embeddable":true,"href":"https:\/\/www.espacedeseaux.com\/index.php?rest_route=%2Fwp%2Fv2%2Fproduct_brand&post=873"},{"taxonomy":"product_cat","embeddable":true,"href":"https:\/\/www.espacedeseaux.com\/index.php?rest_route=%2Fwp%2Fv2%2Fproduct_cat&post=873"},{"taxonomy":"product_tag","embeddable":true,"href":"https:\/\/www.espacedeseaux.com\/index.php?rest_route=%2Fwp%2Fv2%2Fproduct_tag&post=873"}],"curies":[{"name":"wp","href":"https:\/\/api.w.org\/{rel}","templated":true}]}}