{"id":885,"date":"2025-05-20T10:30:32","date_gmt":"2025-05-20T08:30:32","guid":{"rendered":"http:\/\/espacedeseaux.com\/?post_type=product&#038;p=885"},"modified":"2025-05-20T10:32:50","modified_gmt":"2025-05-20T08:32:50","slug":"filtre-uv-filtroclear-oase","status":"publish","type":"product","link":"https:\/\/www.espacedeseaux.com\/?product=filtre-uv-filtroclear-oase","title":{"rendered":"FILTRE UV FILTROCLEAR OASE"},"content":{"rendered":"<ul>\n<li>FILTRE DE BASSIN: Syst\u00e8me de nettoyage brevet\u00e9 avec optimisation des mousses filtrantes.<\/li>\n<li>PRATIQUE: Facile \u00e0 manipuler et \u00e0 entretenir gr\u00e2ce au syst\u00e8me de poign\u00e9e.<\/li>\n<li>CHANGEMENT DE FACILE DE L&rsquo;AMPOULE: L&rsquo;ampoule UV peut \u00eatre chang\u00e9e lorsque l&rsquo;appareil est en marche : il n&rsquo;est pas n\u00e9cessaire d&rsquo;arr\u00eater le filtre ou de d\u00e9monter le tube quartz.<\/li>\n<li>SUR: Un bloc UVC de qualit\u00e9 prot\u00e8ge l&rsquo;appareil contre les rayons solaires et l&rsquo;humidit\u00e9.<\/li>\n<li>PUISSANT: L&rsquo;int\u00e9gralit\u00e9 des mod\u00e8les de FiltoClear de la nouvelle g\u00e9n\u00e9ration sont \u00e9quip\u00e9s de lampes UV am\u00e9lior\u00e9es et ultra-efficaces.<\/li>\n<li>VALVE \u00c0 DEUX VOIES: Choisissez si l&rsquo;eau se d\u00e9verse directement dans le bassin ou avec les eaux us\u00e9es apr\u00e8s le nettoyage du filtre.<\/li>\n<li>PLUS EFFICACE: Le filtre garde un d\u00e9bit optimal et ne se bouche pas gr\u00e2ce \u00e0 sa technologie de d\u00e9rivation int\u00e9gr\u00e9e.<\/li>\n<li>STABLE ET ROBUSTE: Le bo\u00eetier est r\u00e9sistant et de qualit\u00e9 En outre, il est particuli\u00e8rement durable et peut \u00eatre enterr\u00e9 pour plus de discr\u00e9tion<\/li>\n<li>SOUS PRESSION: L&rsquo;anneau de serrage en m\u00e9tal avec une simple fonction levier rend l&rsquo;ouverture et la fermeture du FiltoClear plus s\u00fbre et plus facile que jamais.<\/li>\n<\/ul>\n","protected":false},"excerpt":{"rendered":"<p>Le kit de filtration sous pression OASE FiltoClear Set \u00e0 faible consommation d&rsquo;\u00e9nergie, nettoie efficacement les bassins jusqu&rsquo;\u00e0 19000 litres gr\u00e2ce \u00e0 des \u00e9ponges filtrantes \u00e0 structure fine et \u00e0 une puissante lampe UV-C de 18 watts. Le filtre peut \u00eatre enterr\u00e9 dans le sol et int\u00e9gr\u00e9 de mani\u00e8re optimale dans le paysage du bassin. Le m\u00e9canisme de tirage facile \u00e0 utiliser rend le nettoyage confortable. Vous pouvez m\u00eame changer la lampe UV-C en cours de fonctionnement.<\/p>\n","protected":false},"featured_media":886,"template":"","meta":[],"product_brand":[],"product_cat":[108,89,105],"product_tag":[],"class_list":{"0":"post-885","1":"product","2":"type-product","3":"status-publish","4":"has-post-thumbnail","6":"product_cat-filtres-aspirateurs-de-bassins_jardin-aquatique","7":"product_cat-fontaines","8":"product_cat-jardin-aquatique","10":"first","11":"instock","12":"shipping-taxable","13":"product-type-simple"},"_links":{"self":[{"href":"https:\/\/www.espacedeseaux.com\/index.php?rest_route=\/wp\/v2\/product\/885","targetHints":{"allow":["GET"]}}],"collection":[{"href":"https:\/\/www.espacedeseaux.com\/index.php?rest_route=\/wp\/v2\/product"}],"about":[{"href":"https:\/\/www.espacedeseaux.com\/index.php?rest_route=\/wp\/v2\/types\/product"}],"wp:featuredmedia":[{"embeddable":true,"href":"https:\/\/www.espacedeseaux.com\/index.php?rest_route=\/wp\/v2\/media\/886"}],"wp:attachment":[{"href":"https:\/\/www.espacedeseaux.com\/index.php?rest_route=%2Fwp%2Fv2%2Fmedia&parent=885"}],"wp:term":[{"taxonomy":"product_brand","embeddable":true,"href":"https:\/\/www.espacedeseaux.com\/index.php?rest_route=%2Fwp%2Fv2%2Fproduct_brand&post=885"},{"taxonomy":"product_cat","embeddable":true,"href":"https:\/\/www.espacedeseaux.com\/index.php?rest_route=%2Fwp%2Fv2%2Fproduct_cat&post=885"},{"taxonomy":"product_tag","embeddable":true,"href":"https:\/\/www.espacedeseaux.com\/index.php?rest_route=%2Fwp%2Fv2%2Fproduct_tag&post=885"}],"curies":[{"name":"wp","href":"https:\/\/api.w.org\/{rel}","templated":true}]}}