{"id":891,"date":"2025-05-20T10:35:47","date_gmt":"2025-05-20T08:35:47","guid":{"rendered":"http:\/\/espacedeseaux.com\/?post_type=product&#038;p=891"},"modified":"2025-05-20T10:38:10","modified_gmt":"2025-05-20T08:38:10","slug":"filtre-uv-pondopress","status":"publish","type":"product","link":"https:\/\/www.espacedeseaux.com\/?product=filtre-uv-pondopress","title":{"rendered":"FILTRE UV PONDOPRESS"},"content":{"rendered":"<ul>\n<li>Id\u00e9al pour les \u00e9tangs jusqu&rsquo;\u00e0 5000 I sans population de poissons \/ 2500 l avec population de poissons<\/li>\n<li>Approvisionnement en eau fiable des cours d&rsquo;eau situ\u00e9s en altitude<\/li>\n<li>M\u00e9canisme de nettoyage unique du filtre \u00e0 pression pour des mains propres<\/li>\n<li>Comprend une pompe de filtration puissante de 1500 1\/h<\/li>\n<li>Transport de d\u00e9bris grossiers jusqu&rsquo;\u00e0 4 mm vers le filtre<\/li>\n<li>Clarificateur UVC int\u00e9gr\u00e9 de 7 watts<\/li>\n<li>C\u00e2ble d&rsquo;alimentation de 4,5 m inclus<\/li>\n<\/ul>\n","protected":false},"excerpt":{"rendered":"<p>Pr\u00eat \u00e0 raccorder et rapide \u00e0 installer, ce syst\u00e8me de filtration sous pression compact et complet \u00e9limine les gros d\u00e9bris jusqu&rsquo;\u00e0 4 mm, ainsi que les mati\u00e8res en suspension et autres substances turbides des bassins jusqu&rsquo;\u00e0 5 000 litres.<\/p>\n<p>Ce syst\u00e8me est assur\u00e9 par le clarificateur UVC int\u00e9gr\u00e9 et le m\u00e9dia filtrant biom\u00e9canique!<\/p>\n<p>Gr\u00e2ce \u00e0 sa grande capacit\u00e9, le filtre, encastr\u00e9 dans le sol, peut m\u00eame alimenter un cours d&rsquo;eau situ\u00e9 en hauteur !<\/p>\n","protected":false},"featured_media":892,"template":"","meta":[],"product_brand":[],"product_cat":[108,89,105],"product_tag":[],"class_list":{"0":"post-891","1":"product","2":"type-product","3":"status-publish","4":"has-post-thumbnail","6":"product_cat-filtres-aspirateurs-de-bassins_jardin-aquatique","7":"product_cat-fontaines","8":"product_cat-jardin-aquatique","10":"first","11":"instock","12":"shipping-taxable","13":"product-type-simple"},"_links":{"self":[{"href":"https:\/\/www.espacedeseaux.com\/index.php?rest_route=\/wp\/v2\/product\/891","targetHints":{"allow":["GET"]}}],"collection":[{"href":"https:\/\/www.espacedeseaux.com\/index.php?rest_route=\/wp\/v2\/product"}],"about":[{"href":"https:\/\/www.espacedeseaux.com\/index.php?rest_route=\/wp\/v2\/types\/product"}],"wp:featuredmedia":[{"embeddable":true,"href":"https:\/\/www.espacedeseaux.com\/index.php?rest_route=\/wp\/v2\/media\/892"}],"wp:attachment":[{"href":"https:\/\/www.espacedeseaux.com\/index.php?rest_route=%2Fwp%2Fv2%2Fmedia&parent=891"}],"wp:term":[{"taxonomy":"product_brand","embeddable":true,"href":"https:\/\/www.espacedeseaux.com\/index.php?rest_route=%2Fwp%2Fv2%2Fproduct_brand&post=891"},{"taxonomy":"product_cat","embeddable":true,"href":"https:\/\/www.espacedeseaux.com\/index.php?rest_route=%2Fwp%2Fv2%2Fproduct_cat&post=891"},{"taxonomy":"product_tag","embeddable":true,"href":"https:\/\/www.espacedeseaux.com\/index.php?rest_route=%2Fwp%2Fv2%2Fproduct_tag&post=891"}],"curies":[{"name":"wp","href":"https:\/\/api.w.org\/{rel}","templated":true}]}}