{"id":894,"date":"2025-05-20T10:39:12","date_gmt":"2025-05-20T08:39:12","guid":{"rendered":"http:\/\/espacedeseaux.com\/?post_type=product&#038;p=894"},"modified":"2025-05-20T10:41:37","modified_gmt":"2025-05-20T08:41:37","slug":"pompe-cleardrain-oase","status":"publish","type":"product","link":"https:\/\/www.espacedeseaux.com\/?product=pompe-cleardrain-oase","title":{"rendered":"POMPE ClearDrain OASE"},"content":{"rendered":"","protected":false},"excerpt":{"rendered":"<p>La pompe vide-cave compacte impressionne avec son d\u00e9bit maximal de 14 500 l\/h et sa hauteur de refoulement maximale de 12,50 m. Son bo\u00eetier r\u00e9sistant en acier inoxydable garantit sa durabilit\u00e9.<\/p>\n<p>Avec un moteur performant et facile \u00e0 entretenir, dot\u00e9 d&rsquo;une puissance de 950 watts, la pompe \u00e9vacue l&rsquo;eau claire ou charg\u00e9e de particules de maximum 5mm de diam\u00e8tre.<\/p>\n<p>Elle \u00e9limine facilement par aspiration plate jusqu&rsquo;\u00e0 1mm du niveau d&rsquo;eau r\u00e9siduel. Cette pompe immerg\u00e9e ass\u00e8che rapidement des caves ou laveries et vide des piscines. Comme pompe traditionnelle pour eau claire, elle est tout aussi performante en \u00e9vacuant l&rsquo;eau de citernes ou de r\u00e9servoirs d&rsquo;eau de pluie remplis.<\/p>\n","protected":false},"featured_media":895,"template":"","meta":[],"product_brand":[],"product_cat":[89,105,112,109],"product_tag":[],"class_list":{"0":"post-894","1":"product","2":"type-product","3":"status-publish","4":"has-post-thumbnail","6":"product_cat-fontaines","7":"product_cat-jardin-aquatique","8":"product_cat-pompes-pour-filtres-et-ruisseaux","9":"product_cat-pompes_jardin-aquatique","11":"first","12":"instock","13":"shipping-taxable","14":"product-type-simple"},"_links":{"self":[{"href":"https:\/\/www.espacedeseaux.com\/index.php?rest_route=\/wp\/v2\/product\/894","targetHints":{"allow":["GET"]}}],"collection":[{"href":"https:\/\/www.espacedeseaux.com\/index.php?rest_route=\/wp\/v2\/product"}],"about":[{"href":"https:\/\/www.espacedeseaux.com\/index.php?rest_route=\/wp\/v2\/types\/product"}],"wp:featuredmedia":[{"embeddable":true,"href":"https:\/\/www.espacedeseaux.com\/index.php?rest_route=\/wp\/v2\/media\/895"}],"wp:attachment":[{"href":"https:\/\/www.espacedeseaux.com\/index.php?rest_route=%2Fwp%2Fv2%2Fmedia&parent=894"}],"wp:term":[{"taxonomy":"product_brand","embeddable":true,"href":"https:\/\/www.espacedeseaux.com\/index.php?rest_route=%2Fwp%2Fv2%2Fproduct_brand&post=894"},{"taxonomy":"product_cat","embeddable":true,"href":"https:\/\/www.espacedeseaux.com\/index.php?rest_route=%2Fwp%2Fv2%2Fproduct_cat&post=894"},{"taxonomy":"product_tag","embeddable":true,"href":"https:\/\/www.espacedeseaux.com\/index.php?rest_route=%2Fwp%2Fv2%2Fproduct_tag&post=894"}],"curies":[{"name":"wp","href":"https:\/\/api.w.org\/{rel}","templated":true}]}}