{"id":897,"date":"2025-05-20T10:42:00","date_gmt":"2025-05-20T08:42:00","guid":{"rendered":"http:\/\/espacedeseaux.com\/?post_type=product&#038;p=897"},"modified":"2025-05-20T10:44:34","modified_gmt":"2025-05-20T08:44:34","slug":"pompe-pondomax-eco","status":"publish","type":"product","link":"https:\/\/www.espacedeseaux.com\/?product=pompe-pondomax-eco","title":{"rendered":"POMPE PONDOMAX ECO"},"content":{"rendered":"<ul>\n<li>Les points forts du produit :<\/li>\n<li>Transport de particules grossi\u00e8res jusqu&rsquo;\u00e0 une taille de 4 mm.<\/li>\n<li>D\u00e9bit de 2 500 I\/h pour une puissance absorb\u00e9e de seulement 40 watts!<\/li>\n<li>Hauteur de refoulement 2,2 m pour alimenter un ruisseau<\/li>\n<li>Protection thermique int\u00e9gr\u00e9e contre la surchauffe<\/li>\n<li>Fournie avec possibilit\u00e9s de raccordement \u00e0 des tuyaux de \u00be'(19 mm). 1&prime; (25 mm), 1\u00bc (32 mm);&rsquo; et 1\u00bd&rsquo; (38 mm)<\/li>\n<li>Fournie avec 10 m de c\u00e2ble \u00e9lectrique<\/li>\n<li>Avec la promesse de qualit\u00e9 Pontec: garantie 3 ans !<\/li>\n<\/ul>\n","protected":false},"excerpt":{"rendered":"<p>Puissant brassage de l&rsquo;eau et performance \u00e9nerg\u00e9tique.<\/p>\n<p>Adapt\u00e9s \u00e0 chaque taille de bassin, les diff\u00e9rents mod\u00e8les apportent puissance, mais aussi performance \u00e9nerg\u00e9tique pour alimenter s\u00fbrement les filtres du bassin.<\/p>\n","protected":false},"featured_media":898,"template":"","meta":[],"product_brand":[],"product_cat":[89,105,112,109],"product_tag":[],"class_list":{"0":"post-897","1":"product","2":"type-product","3":"status-publish","4":"has-post-thumbnail","6":"product_cat-fontaines","7":"product_cat-jardin-aquatique","8":"product_cat-pompes-pour-filtres-et-ruisseaux","9":"product_cat-pompes_jardin-aquatique","11":"first","12":"instock","13":"shipping-taxable","14":"product-type-simple"},"_links":{"self":[{"href":"https:\/\/www.espacedeseaux.com\/index.php?rest_route=\/wp\/v2\/product\/897","targetHints":{"allow":["GET"]}}],"collection":[{"href":"https:\/\/www.espacedeseaux.com\/index.php?rest_route=\/wp\/v2\/product"}],"about":[{"href":"https:\/\/www.espacedeseaux.com\/index.php?rest_route=\/wp\/v2\/types\/product"}],"wp:featuredmedia":[{"embeddable":true,"href":"https:\/\/www.espacedeseaux.com\/index.php?rest_route=\/wp\/v2\/media\/898"}],"wp:attachment":[{"href":"https:\/\/www.espacedeseaux.com\/index.php?rest_route=%2Fwp%2Fv2%2Fmedia&parent=897"}],"wp:term":[{"taxonomy":"product_brand","embeddable":true,"href":"https:\/\/www.espacedeseaux.com\/index.php?rest_route=%2Fwp%2Fv2%2Fproduct_brand&post=897"},{"taxonomy":"product_cat","embeddable":true,"href":"https:\/\/www.espacedeseaux.com\/index.php?rest_route=%2Fwp%2Fv2%2Fproduct_cat&post=897"},{"taxonomy":"product_tag","embeddable":true,"href":"https:\/\/www.espacedeseaux.com\/index.php?rest_route=%2Fwp%2Fv2%2Fproduct_tag&post=897"}],"curies":[{"name":"wp","href":"https:\/\/api.w.org\/{rel}","templated":true}]}}