{"id":908,"date":"2025-05-20T10:52:11","date_gmt":"2025-05-20T08:52:11","guid":{"rendered":"http:\/\/espacedeseaux.com\/?post_type=product&#038;p=908"},"modified":"2025-05-20T10:55:21","modified_gmt":"2025-05-20T08:55:21","slug":"projecteur-pondostar-led-ring","status":"publish","type":"product","link":"https:\/\/www.espacedeseaux.com\/?product=projecteur-pondostar-led-ring","title":{"rendered":"Projecteur PONDOSTAR LED RING"},"content":{"rendered":"<ul>\n<li>Anneau lumineux pour jeux d&rsquo;eau LED \u00e0 \u00e9clairage blanc chaud pour l&rsquo;\u00e9clairage des fontaines<\/li>\n<li>Convient \u00e9galement pour l&rsquo;\u00e9clairage de zones individuelles d&rsquo;\u00e9tang et de jardin.<\/li>\n<li>Peut-\u00eatre utilis\u00e9 hors de l&rsquo;eau et sous l&rsquo;eau (IP 68)<\/li>\n<li>Avec transformateur de s\u00e9curit\u00e9 12 V et c\u00e2ble de longueur 2 m + 8 m<\/li>\n<li>Consommation moyenne \u00e9nerg\u00e9tique par spot: 3 kWh\/1000h<\/li>\n<\/ul>\n","protected":false},"excerpt":{"rendered":"<p>PondoStar LED Ring Compact &#8211; l&rsquo;anneau lumineux pour les jeux d&rsquo;eau avec des LED blanc chaud pour l&rsquo;\u00e9clairage des fontaines.<\/p>\n<p>Convient \u00e9galement pour illuminer des zones individuelles de l&rsquo;\u00e9tang et du jardin pour une utilisation au-dessus et au-dessous de l&rsquo;eau (IP68).<\/p>\n","protected":false},"featured_media":909,"template":"","meta":[],"product_brand":[],"product_cat":[89,105,114,110],"product_tag":[],"class_list":{"0":"post-908","1":"product","2":"type-product","3":"status-publish","4":"has-post-thumbnail","6":"product_cat-fontaines","7":"product_cat-jardin-aquatique","8":"product_cat-led-blanc-projecteurs_jardin-aquatique","9":"product_cat-projecteurs_jardin-aquatique","11":"first","12":"instock","13":"shipping-taxable","14":"product-type-simple"},"_links":{"self":[{"href":"https:\/\/www.espacedeseaux.com\/index.php?rest_route=\/wp\/v2\/product\/908","targetHints":{"allow":["GET"]}}],"collection":[{"href":"https:\/\/www.espacedeseaux.com\/index.php?rest_route=\/wp\/v2\/product"}],"about":[{"href":"https:\/\/www.espacedeseaux.com\/index.php?rest_route=\/wp\/v2\/types\/product"}],"wp:featuredmedia":[{"embeddable":true,"href":"https:\/\/www.espacedeseaux.com\/index.php?rest_route=\/wp\/v2\/media\/909"}],"wp:attachment":[{"href":"https:\/\/www.espacedeseaux.com\/index.php?rest_route=%2Fwp%2Fv2%2Fmedia&parent=908"}],"wp:term":[{"taxonomy":"product_brand","embeddable":true,"href":"https:\/\/www.espacedeseaux.com\/index.php?rest_route=%2Fwp%2Fv2%2Fproduct_brand&post=908"},{"taxonomy":"product_cat","embeddable":true,"href":"https:\/\/www.espacedeseaux.com\/index.php?rest_route=%2Fwp%2Fv2%2Fproduct_cat&post=908"},{"taxonomy":"product_tag","embeddable":true,"href":"https:\/\/www.espacedeseaux.com\/index.php?rest_route=%2Fwp%2Fv2%2Fproduct_tag&post=908"}],"curies":[{"name":"wp","href":"https:\/\/api.w.org\/{rel}","templated":true}]}}