{"id":911,"date":"2025-05-20T10:55:04","date_gmt":"2025-05-20T08:55:04","guid":{"rendered":"http:\/\/espacedeseaux.com\/?post_type=product&#038;p=911"},"modified":"2025-05-20T11:06:59","modified_gmt":"2025-05-20T09:06:59","slug":"projecteur-pondostar-led-set-1","status":"publish","type":"product","link":"https:\/\/www.espacedeseaux.com\/?product=projecteur-pondostar-led-set-1","title":{"rendered":"Projecteur PONDOSTAR LED SET 1"},"content":{"rendered":"<ul>\n<li>Convient pour une utilisation sur et sous l&rsquo;eau<\/li>\n<li>Ampoule LED blanc chaud 2 watts \/ 3 x 1 watt Classe de protection IP 68<\/li>\n<li>Transformateur de s\u00e9curit\u00e9 de 12 volts.<\/li>\n<li>Longueur du c\u00e2ble : 1 x 2 m fiche \/ transformateur plus 5 m ou plus 5 m et 2 x1 m<\/li>\n<\/ul>\n","protected":false},"excerpt":{"rendered":"<p>Effets lumineux en blanc chaud : avec le set de projecteurs compacts PondoStar LED warm Set 3, les \u00e9tangs et les jardins peuvent \u00eatre habilement mis en sc\u00e8ne. Il est adapt\u00e9 \u00e0 une utilisation au-dessus et au-dessous de l&rsquo;eau, chaque spot a un diam\u00e8tre de 85 mm et peut \u00eatre pivot\u00e9 sur 120\u00b0<\/p>\n","protected":false},"featured_media":912,"template":"","meta":[],"product_brand":[],"product_cat":[89,105,114,110],"product_tag":[],"class_list":{"0":"post-911","1":"product","2":"type-product","3":"status-publish","4":"has-post-thumbnail","6":"product_cat-fontaines","7":"product_cat-jardin-aquatique","8":"product_cat-led-blanc-projecteurs_jardin-aquatique","9":"product_cat-projecteurs_jardin-aquatique","11":"first","12":"instock","13":"shipping-taxable","14":"product-type-simple"},"_links":{"self":[{"href":"https:\/\/www.espacedeseaux.com\/index.php?rest_route=\/wp\/v2\/product\/911","targetHints":{"allow":["GET"]}}],"collection":[{"href":"https:\/\/www.espacedeseaux.com\/index.php?rest_route=\/wp\/v2\/product"}],"about":[{"href":"https:\/\/www.espacedeseaux.com\/index.php?rest_route=\/wp\/v2\/types\/product"}],"wp:featuredmedia":[{"embeddable":true,"href":"https:\/\/www.espacedeseaux.com\/index.php?rest_route=\/wp\/v2\/media\/912"}],"wp:attachment":[{"href":"https:\/\/www.espacedeseaux.com\/index.php?rest_route=%2Fwp%2Fv2%2Fmedia&parent=911"}],"wp:term":[{"taxonomy":"product_brand","embeddable":true,"href":"https:\/\/www.espacedeseaux.com\/index.php?rest_route=%2Fwp%2Fv2%2Fproduct_brand&post=911"},{"taxonomy":"product_cat","embeddable":true,"href":"https:\/\/www.espacedeseaux.com\/index.php?rest_route=%2Fwp%2Fv2%2Fproduct_cat&post=911"},{"taxonomy":"product_tag","embeddable":true,"href":"https:\/\/www.espacedeseaux.com\/index.php?rest_route=%2Fwp%2Fv2%2Fproduct_tag&post=911"}],"curies":[{"name":"wp","href":"https:\/\/api.w.org\/{rel}","templated":true}]}}