{"id":919,"date":"2025-05-20T11:07:31","date_gmt":"2025-05-20T09:07:31","guid":{"rendered":"http:\/\/espacedeseaux.com\/?post_type=product&#038;p=919"},"modified":"2025-05-20T11:09:02","modified_gmt":"2025-05-20T09:09:02","slug":"projecteur-pondofog-rgb","status":"publish","type":"product","link":"https:\/\/www.espacedeseaux.com\/?product=projecteur-pondofog-rgb","title":{"rendered":"Projecteur PONDOFOG RGB"},"content":{"rendered":"<p><img loading=\"lazy\" decoding=\"async\" class=\"alignnone size-medium wp-image-920\" src=\"http:\/\/espacedeseaux.com\/wp-content\/uploads\/2025\/05\/SPEC-1-800x195.jpg\" alt=\"\" width=\"800\" height=\"195\" srcset=\"https:\/\/espacedeseaux.com\/wp-content\/uploads\/2025\/05\/SPEC-1-800x195.jpg 800w, https:\/\/espacedeseaux.com\/wp-content\/uploads\/2025\/05\/SPEC-1-510x124.jpg 510w, https:\/\/espacedeseaux.com\/wp-content\/uploads\/2025\/05\/SPEC-1-768x187.jpg 768w, https:\/\/espacedeseaux.com\/wp-content\/uploads\/2025\/05\/SPEC-1.jpg 907w\" sizes=\"auto, (max-width: 800px) 100vw, 800px\" \/><\/p>\n","protected":false},"excerpt":{"rendered":"<p>Avec PondoFog RGB, cr\u00e9ez n&rsquo;importe o\u00f9 des sc\u00e8nes surr\u00e9alistes, doucement \u00e9clair\u00e9es par des LED color\u00e9es. Ce g\u00e9n\u00e9rateur d&rsquo;ambiance tr\u00e8s facile \u00e0 installer peut \u00eatre utilis\u00e9 en int\u00e9rieur comme \u00e0 l&rsquo;ext\u00e9rieur.<\/p>\n<p>Gr\u00e2ce \u00e0 son indice de protection IP68, il peut \u00eatre utilis\u00e9 en permanence sous l&rsquo;eau. Le set complet comprend l&rsquo;adaptateur et le flotteur et pr\u00e9sente une consommation \u00e9conomique de seulement 23 watts.<\/p>\n","protected":false},"featured_media":921,"template":"","meta":[],"product_brand":[],"product_cat":[89,105,115,110],"product_tag":[],"class_list":{"0":"post-919","1":"product","2":"type-product","3":"status-publish","4":"has-post-thumbnail","6":"product_cat-fontaines","7":"product_cat-jardin-aquatique","8":"product_cat-led-rgb-projecteurs_jardin-aquatique","9":"product_cat-projecteurs_jardin-aquatique","11":"first","12":"instock","13":"shipping-taxable","14":"product-type-simple"},"_links":{"self":[{"href":"https:\/\/www.espacedeseaux.com\/index.php?rest_route=\/wp\/v2\/product\/919","targetHints":{"allow":["GET"]}}],"collection":[{"href":"https:\/\/www.espacedeseaux.com\/index.php?rest_route=\/wp\/v2\/product"}],"about":[{"href":"https:\/\/www.espacedeseaux.com\/index.php?rest_route=\/wp\/v2\/types\/product"}],"wp:featuredmedia":[{"embeddable":true,"href":"https:\/\/www.espacedeseaux.com\/index.php?rest_route=\/wp\/v2\/media\/921"}],"wp:attachment":[{"href":"https:\/\/www.espacedeseaux.com\/index.php?rest_route=%2Fwp%2Fv2%2Fmedia&parent=919"}],"wp:term":[{"taxonomy":"product_brand","embeddable":true,"href":"https:\/\/www.espacedeseaux.com\/index.php?rest_route=%2Fwp%2Fv2%2Fproduct_brand&post=919"},{"taxonomy":"product_cat","embeddable":true,"href":"https:\/\/www.espacedeseaux.com\/index.php?rest_route=%2Fwp%2Fv2%2Fproduct_cat&post=919"},{"taxonomy":"product_tag","embeddable":true,"href":"https:\/\/www.espacedeseaux.com\/index.php?rest_route=%2Fwp%2Fv2%2Fproduct_tag&post=919"}],"curies":[{"name":"wp","href":"https:\/\/api.w.org\/{rel}","templated":true}]}}